{"id":1488,"date":"2021-08-16T15:02:25","date_gmt":"2021-08-16T13:02:25","guid":{"rendered":"https:\/\/www.iokeplastic.com\/matieres-bio-sourcees\/"},"modified":"2022-05-19T15:50:34","modified_gmt":"2022-05-19T13:50:34","slug":"bio-based-materials","status":"publish","type":"page","link":"https:\/\/www.iokeplastic.com\/en\/bio-based-materials\/","title":{"rendered":"Bio-based materials"},"content":{"rendered":"\n<header class=\"wp-block-group alignwide\" id=\"header-page\"><div class=\"wp-block-group__inner-container is-layout-flow wp-block-group-is-layout-flow\">\n<div class=\"wp-block-media-text alignwide has-media-on-the-right is-stacked-on-mobile\"><figure class=\"wp-block-media-text__media\"><img loading=\"lazy\" decoding=\"async\" width=\"1024\" height=\"731\" src=\"https:\/\/www.iokeplastic.com\/wp-content\/uploads\/iStock-1022892932-1024x731.jpg\" alt=\"\" class=\"wp-image-1091 size-full\" srcset=\"https:\/\/www.iokeplastic.com\/wp-content\/uploads\/iStock-1022892932-1024x731.jpg 1024w, https:\/\/www.iokeplastic.com\/wp-content\/uploads\/iStock-1022892932-300x214.jpg 300w, https:\/\/www.iokeplastic.com\/wp-content\/uploads\/iStock-1022892932-768x548.jpg 768w, https:\/\/www.iokeplastic.com\/wp-content\/uploads\/iStock-1022892932.jpg 1212w\" sizes=\"auto, (max-width: 1024px) 100vw, 1024px\" \/><\/figure><div class=\"wp-block-media-text__content\">\n<h1 class=\"wp-block-heading\"><strong>Bio-based plastic injection:<\/strong> rethinking plastic products<\/h1>\n\n\n\n<p>Bio-based materials have been part of the \u00cfok\u00e9plastic material base for many years.<\/p>\n\n\n\n<p>Specialists in plastic injection, we cultivate a high level of expertise and are a force of proposal in the choice of materials. Our response is optimal in the face of the constraints and standards in force in the sectors of activity of each of our customers.<\/p>\n<\/div><\/div>\n<\/div><\/header>\n\n\n\n<div class=\"wp-block-group line-right\"><div class=\"wp-block-group__inner-container is-layout-flow wp-block-group-is-layout-flow\">\n<h2 class=\"wp-block-heading\">Reduce the footprint of petroleum products<\/h2>\n\n\n\n<p>In <a href=\"https:\/\/www.iokeplastic.com\/en\/areas-of-expertise\/childcare\/\" data-type=\"page\" data-id=\"1499\">the childcare<\/a>, <a href=\"https:\/\/www.iokeplastic.com\/en\/areas-of-expertise\/aeronautics\/\" data-type=\"page\" data-id=\"1502\">aeronautics<\/a>, <a href=\"https:\/\/www.iokeplastic.com\/en\/areas-of-expertise\/medical\/\" data-type=\"page\" data-id=\"1505\">medical<\/a> and <a href=\"https:\/\/www.iokeplastic.com\/en\/areas-of-expertise\/industry\/\" data-type=\"page\" data-id=\"1508\">industrial<\/a> sectors, achieving energy and CO2 savings through decarbonization is becoming a priority. We have not waited for the fashion effect.<\/p>\n\n\n\n<p>Our company was a pioneer in the production of plastic parts based on biopolymers (plant, algal, animal and fungal polymers from biomass).&nbsp;<\/p>\n\n\n\n<h3 class=\"wp-block-heading\">A wide range of bio-based materials:<\/h3>\n\n\n\n<p>Hemp, Reed, Oyster shells, Cork, Potato peelings, Cellulose &#8211; Starch (polysaccharides of plant origin)&#8230; are used to manufacture food or general containers, or washable meal trays.<\/p>\n<\/div><\/div>\n\n\n\n<div class=\"wp-block-columns are-vertically-aligned-top bloc-focus is-layout-flex wp-container-core-columns-is-layout-9d6595d7 wp-block-columns-is-layout-flex\">\n<div class=\"wp-block-column is-vertically-aligned-top is-layout-flow wp-block-column-is-layout-flow\" style=\"flex-basis:50%\">\n<div class=\"wp-block-group focus\"><div class=\"wp-block-group__inner-container is-layout-flow wp-block-group-is-layout-flow\">\n<h2 class=\"wp-block-heading\">Redefining the life cycle of plastics<\/h2>\n\n\n\n<p>Faced with the challenges of plastic pollution, we are going further in our reflections on the life cycle of the plastic product, from its design to its recycling at the end of life. <a href=\"https:\/\/www.iokeplastic.com\/en\/quality\/\" data-type=\"page\" data-id=\"1468\">The ISO 14001:2015 certification<\/a> is on the agenda.<\/p>\n\n\n\n<p>\u00cfok\u00e9plastic innovates every day to increase the awareness of its customers to ecodesign and biomaterials. The eco-design approach does not aim to optimize the management of plastic waste but to limit its production from the design of the product.<\/p>\n\n\n\n<div class=\"wp-block-buttons is-horizontal is-content-justification-center is-layout-flex wp-container-core-buttons-is-layout-499968f5 wp-block-buttons-is-layout-flex\">\n<div class=\"wp-block-button modal-btn\"><a class=\"wp-block-button__link\" href=\"#ecoconception\">Ecodesign integrated into our production<\/a><\/div>\n<\/div>\n<\/div><\/div>\n<\/div>\n\n\n\n<div class=\"wp-block-column is-vertically-aligned-top is-layout-flow wp-block-column-is-layout-flow\" style=\"flex-basis:50%\">\n<figure class=\"wp-block-image size-large\"><img loading=\"lazy\" decoding=\"async\" width=\"1024\" height=\"683\" src=\"https:\/\/www.iokeplastic.com\/wp-content\/uploads\/CYCLE-VIE-PLASTIQUE-1024x683.jpg\" alt=\"\" class=\"wp-image-1037\" srcset=\"https:\/\/www.iokeplastic.com\/wp-content\/uploads\/CYCLE-VIE-PLASTIQUE-1024x683.jpg 1024w, https:\/\/www.iokeplastic.com\/wp-content\/uploads\/CYCLE-VIE-PLASTIQUE-300x200.jpg 300w, https:\/\/www.iokeplastic.com\/wp-content\/uploads\/CYCLE-VIE-PLASTIQUE-768x512.jpg 768w, https:\/\/www.iokeplastic.com\/wp-content\/uploads\/CYCLE-VIE-PLASTIQUE.jpg 1257w\" sizes=\"auto, (max-width: 1024px) 100vw, 1024px\" \/><\/figure>\n\n\n\n<div class=\"wp-block-group text-small-col\"><div class=\"wp-block-group__inner-container is-layout-flow wp-block-group-is-layout-flow\">\n<h3 class=\"wp-block-heading\">Optimize your production thanks to organic or recycled materials<\/h3>\n\n\n\n<p>The interest of bio-based plastics lies in the reduction of the use of fossil materials for their elaboration. Designing your plastic part to limit waste production is not only an environmental issue. It is also an opportunity for a global reflection to optimize its production. They certainly have an impact on the manufacturing costs, but their valorization contributes to the common good and to the respect of the planet.<\/p>\n<\/div><\/div>\n<\/div>\n<\/div>\n\n\n\n<div id=\"ecoconception\" class=\"wp-block-group modal\"><div class=\"wp-block-group__inner-container is-layout-flow wp-block-group-is-layout-flow\">\n<div class=\"wp-block-group modal-content\"><div class=\"wp-block-group__inner-container is-layout-flow wp-block-group-is-layout-flow\">\n<span class=\"close\">\u00d7<\/span>\n\n\n\n<h2 class=\"wp-block-heading\">Ecodesign footprint integrated into production:<\/h2>\n\n\n\n<ul class=\"wp-block-list\"><li>Trend towards reduced thicknesses for optimized design<\/li><li>Streamlined cycle times<\/li><li>Lighter parts by replacing metal with plastic<\/li><\/ul>\n<\/div><\/div>\n<\/div><\/div>\n\n\n\n<div class=\"wp-block-columns are-vertically-aligned-center is-layout-flex wp-container-core-columns-is-layout-9d6595d7 wp-block-columns-is-layout-flex\">\n<div class=\"wp-block-column is-vertically-aligned-center is-layout-flow wp-block-column-is-layout-flow\">\n<iframe loading=\"lazy\" src=\"https:\/\/www.youtube.com\/embed\/YCWDmtmAqb8\" title=\"YouTube video player\" allow=\"accelerometer; autoplay; clipboard-write; encrypted-media; gyroscope; picture-in-picture\" allowfullscreen=\"\" width=\"95%\" height=\"525\" frameborder=\"0\"><\/iframe>\n<\/div>\n\n\n\n<div class=\"wp-block-column is-vertically-aligned-center is-layout-flow wp-block-column-is-layout-flow\">\n<h2 class=\"wp-block-heading\">For a bio-based and eco-designed plastic industry<\/h2>\n\n\n\n<p>Through bio-based materials, \u00cfok\u00e9plastic gives the opportunity to companies, such as service startups, food industry or childcare for example, to access new markets and to differentiate themselves from the competition.<\/p>\n\n\n\n<p>The eco-design approach throughout its <a href=\"https:\/\/www.iokeplastic.com\/en\/general-business-management\/\" data-type=\"page\" data-id=\"1493\">value chain<\/a> will be an asset in the industry of the future. In order to reduce the carbon footprint, smart, bio-based, biodegradable or recyclable plastics are part of the \u00cfok\u00e9plastic material base.<\/p>\n\n\n\n<div class=\"wp-block-columns are-vertically-aligned-center is-layout-flex wp-container-core-columns-is-layout-9d6595d7 wp-block-columns-is-layout-flex\">\n<div class=\"wp-block-column is-vertically-aligned-center is-layout-flow wp-block-column-is-layout-flow\" style=\"flex-basis:80px\">\n<figure class=\"wp-block-image size-full\"><img loading=\"lazy\" decoding=\"async\" width=\"80\" height=\"81\" src=\"https:\/\/www.iokeplastic.com\/wp-content\/uploads\/ioke_plastic_label_more.png\" alt=\"Iok\u00e9 Plastic lab\u00e9lis\u00e9 Label More\" class=\"wp-image-96\"\/><\/figure>\n<\/div>\n\n\n\n<div class=\"wp-block-column is-vertically-aligned-center is-layout-flow wp-block-column-is-layout-flow\">\n<p>Our MORE label &#8220;MObilized to REcycle&#8221; is the illustration of this.<\/p>\n<\/div>\n<\/div>\n\n\n\n<p><\/p>\n<\/div>\n<\/div>\n\n\n\n<div class=\"wp-block-buttons is-horizontal is-content-justification-center is-layout-flex wp-container-core-buttons-is-layout-499968f5 wp-block-buttons-is-layout-flex\">\n<div class=\"wp-block-button\"><a class=\"wp-block-button__link\" href=\"https:\/\/www.iokeplastic.com\/en\/contact\/\">Want to start your bio-based production?<\/a><\/div>\n<\/div>\n\n\n\n<footer id=\"contact-footer-page\" class=\"wp-block-group\"><div class=\"wp-block-group__inner-container is-layout-flow wp-block-group-is-layout-flow\">\n<div class=\"wp-block-cover\"><span aria-hidden=\"true\" class=\"wp-block-cover__gradient-background has-background-dim\"><\/span><img loading=\"lazy\" decoding=\"async\" width=\"1367\" height=\"767\" class=\"wp-block-cover__image-background wp-image-1078\" alt=\"\" src=\"https:\/\/www.iokeplastic.com\/wp-content\/uploads\/iStock-1201354506.jpg\" data-object-fit=\"cover\" srcset=\"https:\/\/www.iokeplastic.com\/wp-content\/uploads\/iStock-1201354506.jpg 1367w, https:\/\/www.iokeplastic.com\/wp-content\/uploads\/iStock-1201354506-300x168.jpg 300w, https:\/\/www.iokeplastic.com\/wp-content\/uploads\/iStock-1201354506-1024x575.jpg 1024w, https:\/\/www.iokeplastic.com\/wp-content\/uploads\/iStock-1201354506-768x431.jpg 768w\" sizes=\"auto, (max-width: 1367px) 100vw, 1367px\" \/><div class=\"wp-block-cover__inner-container is-layout-flow wp-block-cover-is-layout-flow\">\n<h2 class=\"has-text-align-center wp-block-heading\">\u00cfok\u00e9plastic, a growing company!<\/h2>\n\n\n\n<div class=\"wp-block-columns is-layout-flex wp-container-core-columns-is-layout-9d6595d7 wp-block-columns-is-layout-flex\">\n<div class=\"wp-block-column is-layout-flow wp-block-column-is-layout-flow\">\n<p><a href=\"https:\/\/www.iokeplastic.com\/prestations\/conception\/\" data-type=\"page\" data-id=\"54\">Innovation and R&amp;D<\/a><\/p>\n<\/div>\n\n\n\n<div class=\"wp-block-column is-layout-flow wp-block-column-is-layout-flow\">\n<p><a href=\"https:\/\/www.iokeplastic.com\/en\/matieres-bio-sourcees\/\">Bio-based or recyclable materials<\/a><\/p>\n<\/div>\n\n\n\n<div class=\"wp-block-column is-layout-flow wp-block-column-is-layout-flow\">\n<p><a href=\"https:\/\/www.iokeplastic.com\/pilotage-global\/\">Complete support<\/a><\/p>\n<\/div>\n\n\n\n<div class=\"wp-block-column is-layout-flow wp-block-column-is-layout-flow\">\n<p><a href=\"https:\/\/www.iokeplastic.com\/prestations\/industrialisation\/\" data-type=\"page\" data-id=\"56\">Reliability and security<\/a><\/p>\n<\/div>\n\n\n\n<div class=\"wp-block-column is-layout-flow wp-block-column-is-layout-flow\">\n<p><a href=\"https:\/\/www.iokeplastic.com\/en\/societe\/#groupement-achat\">Joint purchasing<\/a><\/p>\n<\/div>\n<\/div>\n\n\n\n<div class=\"wp-block-buttons is-horizontal is-content-justification-center is-layout-flex wp-container-core-buttons-is-layout-499968f5 wp-block-buttons-is-layout-flex\">\n<div class=\"wp-block-button\"><a class=\"wp-block-button__link\" href=\"https:\/\/www.iokeplastic.com\/en\/societe\/\">Learn more about Iok\u00e9 Plastic<\/a><\/div>\n<\/div>\n<\/div><\/div>\n<\/div><\/footer>\n","protected":false},"excerpt":{"rendered":"<p>Bio-based plastic injection: rethinking plastic products Bio-based materials have been [&hellip;]<\/p>\n","protected":false},"author":1,"featured_media":0,"parent":0,"menu_order":1,"comment_status":"closed","ping_status":"closed","template":"","meta":{"footnotes":""},"class_list":["post-1488","page","type-page","status-publish","hentry"],"_links":{"self":[{"href":"https:\/\/www.iokeplastic.com\/en\/wp-json\/wp\/v2\/pages\/1488","targetHints":{"allow":["GET"]}}],"collection":[{"href":"https:\/\/www.iokeplastic.com\/en\/wp-json\/wp\/v2\/pages"}],"about":[{"href":"https:\/\/www.iokeplastic.com\/en\/wp-json\/wp\/v2\/types\/page"}],"author":[{"embeddable":true,"href":"https:\/\/www.iokeplastic.com\/en\/wp-json\/wp\/v2\/users\/1"}],"replies":[{"embeddable":true,"href":"https:\/\/www.iokeplastic.com\/en\/wp-json\/wp\/v2\/comments?post=1488"}],"version-history":[{"count":4,"href":"https:\/\/www.iokeplastic.com\/en\/wp-json\/wp\/v2\/pages\/1488\/revisions"}],"predecessor-version":[{"id":1601,"href":"https:\/\/www.iokeplastic.com\/en\/wp-json\/wp\/v2\/pages\/1488\/revisions\/1601"}],"wp:attachment":[{"href":"https:\/\/www.iokeplastic.com\/en\/wp-json\/wp\/v2\/media?parent=1488"}],"curies":[{"name":"wp","href":"https:\/\/api.w.org\/{rel}","templated":true}]}}