{"id":1502,"date":"2021-08-16T17:19:53","date_gmt":"2021-08-16T15:19:53","guid":{"rendered":"https:\/\/www.iokeplastic.com\/domaines-dexpertises\/aeronautique\/"},"modified":"2022-05-19T15:59:02","modified_gmt":"2022-05-19T13:59:02","slug":"aeronautics","status":"publish","type":"page","link":"https:\/\/www.iokeplastic.com\/en\/areas-of-expertise\/aeronautics\/","title":{"rendered":"Aeronautics"},"content":{"rendered":"\n<header class=\"wp-block-group alignwide\" id=\"header-page\"><div class=\"wp-block-group__inner-container is-layout-flow wp-block-group-is-layout-flow\">\n<div class=\"wp-block-media-text alignwide has-media-on-the-right is-stacked-on-mobile\"><figure class=\"wp-block-media-text__media\"><img loading=\"lazy\" decoding=\"async\" width=\"1024\" height=\"545\" src=\"https:\/\/www.iokeplastic.com\/wp-content\/uploads\/iStock-1058063486-1024x545.jpg\" alt=\"\" class=\"wp-image-1075 size-full\" srcset=\"https:\/\/www.iokeplastic.com\/wp-content\/uploads\/iStock-1058063486-1024x545.jpg 1024w, https:\/\/www.iokeplastic.com\/wp-content\/uploads\/iStock-1058063486-300x160.jpg 300w, https:\/\/www.iokeplastic.com\/wp-content\/uploads\/iStock-1058063486-768x409.jpg 768w, https:\/\/www.iokeplastic.com\/wp-content\/uploads\/iStock-1058063486.jpg 1403w\" sizes=\"auto, (max-width: 1024px) 100vw, 1024px\" \/><\/figure><div class=\"wp-block-media-text__content\">\n<h1 class=\"wp-block-heading\"><strong>Plastic injection for the aeronautics industry:<\/strong> a tailor-made technical support<\/h1>\n\n\n\n<p>\u00cfok\u00e9plastic has been assisting players in the aeronautical sector for many years in plastic injection. Our expertise includes understanding the regulatory constraints, t<a href=\"https:\/\/www.iokeplastic.com\/en\/prestations\/conception\/\" data-type=\"page\" data-id=\"1512\">he design<\/a> and <a href=\"https:\/\/www.iokeplastic.com\/en\/prestations\/industrialization\/\" data-type=\"page\" data-id=\"1515\">industrialization of parts<\/a> specially designed for aeronautical customers and the production from specific materials.<\/p>\n<\/div><\/div>\n<\/div><\/header>\n\n\n\n<div class=\"wp-block-group line-right\"><div class=\"wp-block-group__inner-container is-layout-flow wp-block-group-is-layout-flow\">\n<h2 class=\"wp-block-heading\">Aeronautics plastic injection: <strong><strong>developing a quality technical response<\/strong><\/strong><\/h2>\n\n\n\n<p>Buyers call on our experts in aeronautical plastic injection to obtain a tailor-made response to theirtechnical problems. Whether it concerns a specific product, the use of special fire-resistant materials, for example, a targeted application for interior trim, seat trim, production deadlines for small series, or new projects.<\/p>\n<\/div><\/div>\n\n\n\n<blockquote class=\"wp-block-quote has-text-align-center is-layout-flow wp-block-quote-is-layout-flow\"><p>We are nurturing the project of obtaining the EN 9100 version 2018 standard, in order to always respond with quality to the aviation market.<\/p><\/blockquote>\n\n\n\n<div class=\"wp-block-buttons is-horizontal is-content-justification-center is-layout-flex wp-container-core-buttons-is-layout-499968f5 wp-block-buttons-is-layout-flex\">\n<div class=\"wp-block-button\"><a class=\"wp-block-button__link\" href=\"https:\/\/www.iokeplastic.com\/en\/contact\/\">Let&#8217;s talk about your project<\/a><\/div>\n<\/div>\n\n\n\n<div class=\"wp-block-columns are-vertically-aligned-center bloc-focus is-layout-flex wp-container-core-columns-is-layout-9d6595d7 wp-block-columns-is-layout-flex\">\n<div class=\"wp-block-column is-vertically-aligned-center is-layout-flow wp-block-column-is-layout-flow\" style=\"flex-basis:50%\">\n<figure class=\"wp-block-image size-large\"><img loading=\"lazy\" decoding=\"async\" width=\"1024\" height=\"683\" src=\"https:\/\/www.iokeplastic.com\/wp-content\/uploads\/solution-aeronautique-1024x683.jpg\" alt=\"\" class=\"wp-image-1066\" srcset=\"https:\/\/www.iokeplastic.com\/wp-content\/uploads\/solution-aeronautique-1024x683.jpg 1024w, https:\/\/www.iokeplastic.com\/wp-content\/uploads\/solution-aeronautique-300x200.jpg 300w, https:\/\/www.iokeplastic.com\/wp-content\/uploads\/solution-aeronautique-768x512.jpg 768w, https:\/\/www.iokeplastic.com\/wp-content\/uploads\/solution-aeronautique.jpg 1313w\" sizes=\"auto, (max-width: 1024px) 100vw, 1024px\" \/><\/figure>\n\n\n\n<div class=\"wp-block-group text-small-col\"><div class=\"wp-block-group__inner-container is-layout-flow wp-block-group-is-layout-flow\">\n<h3 class=\"wp-block-heading\">Participation in the GIFAS &#8220;Industry of the Future&#8221; program<\/h3>\n\n\n\n<p>Always present to take up the challenges of the aeronautical industry, \u00cfok\u00e9plastic has been selected by GIFAS &#8211; Groupement des Industries Fran\u00e7aises A\u00e9ronautiques &#8211; alongside 300 other companies, for a partnership towards a digital mutation oriented towards the industry 4.0.<\/p>\n\n\n\n<p>This program, the result of close cooperation between the Industrial Committee, GEAD and the AERO-SME Committee, is a continuation of &#8220;Performances Industrielles&#8221;.<\/p>\n<\/div><\/div>\n<\/div>\n\n\n\n<div class=\"wp-block-column is-vertically-aligned-center is-layout-flow wp-block-column-is-layout-flow\" style=\"flex-basis:50%\">\n<div class=\"wp-block-group focus\"><div class=\"wp-block-group__inner-container is-layout-flow wp-block-group-is-layout-flow\">\n<h2 class=\"wp-block-heading\">Global and innovative solutions from prototype to series production<\/h2>\n\n\n\n<p>Surrounded by a large number of service providers and suppliers who are able to respond favorably to any specific request. In particular for assembled plastic parts, or to find a technical solution.<\/p>\n\n\n\n<p>Our proven expertise alongside the major players in this industry gives us a prime position in aeronautical plastic injection.<\/p>\n<\/div><\/div>\n<\/div>\n<\/div>\n\n\n\n<div class=\"wp-block-group points-forts\"><div class=\"wp-block-group__inner-container is-layout-flow wp-block-group-is-layout-flow\">\n<h2 class=\"has-text-align-center after-title wp-block-heading\">Our strengths<\/h2>\n\n\n\n<div class=\"wp-block-columns is-layout-flex wp-container-core-columns-is-layout-9d6595d7 wp-block-columns-is-layout-flex\">\n<div class=\"wp-block-column is-layout-flow wp-block-column-is-layout-flow\">\n<figure class=\"wp-block-image size-full\"><img loading=\"lazy\" decoding=\"async\" width=\"512\" height=\"512\" src=\"https:\/\/www.iokeplastic.com\/wp-content\/uploads\/ioke-flexibilite-sav.png\" alt=\"Flexibilit\u00e9 de nos \u00e9quipes afin de r\u00e9pondre rapidement \u00e0 la demande\" class=\"wp-image-301\" srcset=\"https:\/\/www.iokeplastic.com\/wp-content\/uploads\/ioke-flexibilite-sav.png 512w, https:\/\/www.iokeplastic.com\/wp-content\/uploads\/ioke-flexibilite-sav-300x300.png 300w, https:\/\/www.iokeplastic.com\/wp-content\/uploads\/ioke-flexibilite-sav-150x150.png 150w\" sizes=\"auto, (max-width: 512px) 100vw, 512px\" \/><\/figure>\n\n\n\n<p class=\"has-text-align-center\">Agility of our teams to respond quickly to demand&nbsp;<\/p>\n<\/div>\n\n\n\n<div class=\"wp-block-column is-layout-flow wp-block-column-is-layout-flow\">\n<figure class=\"wp-block-image size-full\"><img loading=\"lazy\" decoding=\"async\" width=\"512\" height=\"512\" src=\"https:\/\/www.iokeplastic.com\/wp-content\/uploads\/ioke-accompagnement-technique.png\" alt=\"Accompagnement technique\" class=\"wp-image-298\" srcset=\"https:\/\/www.iokeplastic.com\/wp-content\/uploads\/ioke-accompagnement-technique.png 512w, https:\/\/www.iokeplastic.com\/wp-content\/uploads\/ioke-accompagnement-technique-300x300.png 300w, https:\/\/www.iokeplastic.com\/wp-content\/uploads\/ioke-accompagnement-technique-150x150.png 150w\" sizes=\"auto, (max-width: 512px) 100vw, 512px\" \/><\/figure>\n\n\n\n<p class=\"has-text-align-center\">Technical support&nbsp;<\/p>\n<\/div>\n\n\n\n<div class=\"wp-block-column is-layout-flow wp-block-column-is-layout-flow\">\n<figure class=\"wp-block-image size-full\"><img loading=\"lazy\" decoding=\"async\" width=\"512\" height=\"512\" src=\"https:\/\/www.iokeplastic.com\/wp-content\/uploads\/ioke-haute-performance.png\" alt=\"Plastiques de haute performance\" class=\"wp-image-300\" srcset=\"https:\/\/www.iokeplastic.com\/wp-content\/uploads\/ioke-haute-performance.png 512w, https:\/\/www.iokeplastic.com\/wp-content\/uploads\/ioke-haute-performance-300x300.png 300w, https:\/\/www.iokeplastic.com\/wp-content\/uploads\/ioke-haute-performance-150x150.png 150w\" sizes=\"auto, (max-width: 512px) 100vw, 512px\" \/><\/figure>\n\n\n\n<p class=\"has-text-align-center\">High performance plastics&nbsp;<\/p>\n<\/div>\n\n\n\n<div class=\"wp-block-column is-layout-flow wp-block-column-is-layout-flow\">\n<figure class=\"wp-block-image size-full\"><img loading=\"lazy\" decoding=\"async\" width=\"512\" height=\"512\" src=\"https:\/\/www.iokeplastic.com\/wp-content\/uploads\/ioke-produit-complet.png\" alt=\"Capacit\u00e9 \u00e0 fournir des produits plastiques complets\" class=\"wp-image-299\" srcset=\"https:\/\/www.iokeplastic.com\/wp-content\/uploads\/ioke-produit-complet.png 512w, https:\/\/www.iokeplastic.com\/wp-content\/uploads\/ioke-produit-complet-300x300.png 300w, https:\/\/www.iokeplastic.com\/wp-content\/uploads\/ioke-produit-complet-150x150.png 150w\" sizes=\"auto, (max-width: 512px) 100vw, 512px\" \/><\/figure>\n\n\n\n<p class=\"has-text-align-center\">Ability to provide complete plastic products<\/p>\n<\/div>\n<\/div>\n<\/div><\/div>\n\n\n\n<footer id=\"contact-footer-page\" class=\"wp-block-group\"><div class=\"wp-block-group__inner-container is-layout-flow wp-block-group-is-layout-flow\">\n<div class=\"wp-block-cover\"><span aria-hidden=\"true\" class=\"wp-block-cover__gradient-background has-background-dim\"><\/span><img loading=\"lazy\" decoding=\"async\" width=\"1367\" height=\"767\" class=\"wp-block-cover__image-background wp-image-1078\" alt=\"\" src=\"https:\/\/www.iokeplastic.com\/wp-content\/uploads\/iStock-1201354506.jpg\" data-object-fit=\"cover\" srcset=\"https:\/\/www.iokeplastic.com\/wp-content\/uploads\/iStock-1201354506.jpg 1367w, https:\/\/www.iokeplastic.com\/wp-content\/uploads\/iStock-1201354506-300x168.jpg 300w, https:\/\/www.iokeplastic.com\/wp-content\/uploads\/iStock-1201354506-1024x575.jpg 1024w, https:\/\/www.iokeplastic.com\/wp-content\/uploads\/iStock-1201354506-768x431.jpg 768w\" sizes=\"auto, (max-width: 1367px) 100vw, 1367px\" \/><div class=\"wp-block-cover__inner-container is-layout-flow wp-block-cover-is-layout-flow\">\n<h2 class=\"has-text-align-center wp-block-heading\">\u00cfok\u00e9plastic, a growing company!<\/h2>\n\n\n\n<div class=\"wp-block-columns is-layout-flex wp-container-core-columns-is-layout-9d6595d7 wp-block-columns-is-layout-flex\">\n<div class=\"wp-block-column is-layout-flow wp-block-column-is-layout-flow\">\n<p><a href=\"https:\/\/www.iokeplastic.com\/prestations\/conception\/\" data-type=\"page\" data-id=\"54\">Innovation and R&amp;D<\/a><\/p>\n<\/div>\n\n\n\n<div class=\"wp-block-column is-layout-flow wp-block-column-is-layout-flow\">\n<p><a href=\"https:\/\/www.iokeplastic.com\/en\/matieres-bio-sourcees\/\">Bio-based or recyclable materials<\/a><\/p>\n<\/div>\n\n\n\n<div class=\"wp-block-column is-layout-flow wp-block-column-is-layout-flow\">\n<p><a href=\"https:\/\/www.iokeplastic.com\/en\/pilotage-global\/\">Complete support<\/a><\/p>\n<\/div>\n\n\n\n<div class=\"wp-block-column is-layout-flow wp-block-column-is-layout-flow\">\n<p><a href=\"https:\/\/www.iokeplastic.com\/prestations\/industrialisation\/\" data-type=\"page\" data-id=\"56\">Reliability and security<\/a><\/p>\n<\/div>\n\n\n\n<div class=\"wp-block-column is-layout-flow wp-block-column-is-layout-flow\">\n<p><a href=\"https:\/\/www.iokeplastic.com\/en\/societe\/#groupement-achat\">Joint purchasing<\/a><\/p>\n<\/div>\n<\/div>\n\n\n\n<div class=\"wp-block-buttons is-horizontal is-content-justification-center is-layout-flex wp-container-core-buttons-is-layout-499968f5 wp-block-buttons-is-layout-flex\">\n<div class=\"wp-block-button\"><a class=\"wp-block-button__link\" href=\"https:\/\/www.iokeplastic.com\/en\/societe\/\">Learn more about Iok\u00e9 Plastic<\/a><\/div>\n<\/div>\n<\/div><\/div>\n<\/div><\/footer>\n","protected":false},"excerpt":{"rendered":"<p>Accompagner de fa\u00e7on technique et sur-mesure <\/p>\n","protected":false},"author":1,"featured_media":0,"parent":1498,"menu_order":0,"comment_status":"closed","ping_status":"closed","template":"","meta":{"footnotes":""},"class_list":["post-1502","page","type-page","status-publish","hentry"],"_links":{"self":[{"href":"https:\/\/www.iokeplastic.com\/en\/wp-json\/wp\/v2\/pages\/1502","targetHints":{"allow":["GET"]}}],"collection":[{"href":"https:\/\/www.iokeplastic.com\/en\/wp-json\/wp\/v2\/pages"}],"about":[{"href":"https:\/\/www.iokeplastic.com\/en\/wp-json\/wp\/v2\/types\/page"}],"author":[{"embeddable":true,"href":"https:\/\/www.iokeplastic.com\/en\/wp-json\/wp\/v2\/users\/1"}],"replies":[{"embeddable":true,"href":"https:\/\/www.iokeplastic.com\/en\/wp-json\/wp\/v2\/comments?post=1502"}],"version-history":[{"count":3,"href":"https:\/\/www.iokeplastic.com\/en\/wp-json\/wp\/v2\/pages\/1502\/revisions"}],"predecessor-version":[{"id":1605,"href":"https:\/\/www.iokeplastic.com\/en\/wp-json\/wp\/v2\/pages\/1502\/revisions\/1605"}],"up":[{"embeddable":true,"href":"https:\/\/www.iokeplastic.com\/en\/wp-json\/wp\/v2\/pages\/1498"}],"wp:attachment":[{"href":"https:\/\/www.iokeplastic.com\/en\/wp-json\/wp\/v2\/media?parent=1502"}],"curies":[{"name":"wp","href":"https:\/\/api.w.org\/{rel}","templated":true}]}}